{"id":763,"date":"2023-07-27T22:09:29","date_gmt":"2023-07-27T20:09:29","guid":{"rendered":"https:\/\/premiumduft.com\/?post_type=product&#038;p=763"},"modified":"2023-07-27T23:00:52","modified_gmt":"2023-07-27T21:00:52","slug":"armaf-futura-la-femme","status":"publish","type":"product","link":"https:\/\/premiumduft.com\/index.php\/produkt\/armaf-futura-la-femme\/","title":{"rendered":"Armaf Futura La Femme Tester"},"content":{"rendered":"<div id=\"pd-description-wrapper\" class=\"sc-aohf13-14 sc-1eu1dd2-1 fpMnDJ hJioHz\">\n<div class=\"sc-1uodfit-0 kWmpmn\">\n<div id=\"pd-description-text\" class=\"sc-1eu1dd2-3 fsHaA-D\" data-testid=\"pd-description-text\">\n<p>Falls Sie Obst lieben, dann werden Sie das Eau de Parfum f\u00fcr Damen Armaf Futura La Femme garantiert lieben. Den k\u00f6stlichen, fruchtigen Essenzen kann man nur sehr schwer widerstehen und sie werden garantiert Ihren Tag sch\u00f6ner machen.<\/p>\n<ul>\n<li>s\u00fc\u00dfer Duft<\/li>\n<li>fruchtiger Duft<\/li>\n<li>blumiger Duft<\/li>\n<li>geeignet f\u00fcr die Frau mit romantischer Seele<\/li>\n<li>Duft, der sich f\u00fcr das t\u00e4gliche Tragen eignet<\/li>\n<li>ein Geschenk-Tipp, der garantiert Freude bereitet<\/li>\n<\/ul>\n<\/div>\n<\/div>\n<\/div>\n","protected":false},"excerpt":{"rendered":"<h1 class=\"sc-bcXHqe sc-3sotvb-1 eLmsJY cqhtUR\"><span class=\"sc-3sotvb-5 bBQCfG\">Eau de Parfum f\u00fcr Damen<\/span><\/h1>\n<h1 class=\"sc-bcXHqe sc-3sotvb-1 eLmsJY cqhtUR\">Armaf<\/h1>\n","protected":false},"featured_media":764,"comment_status":"open","ping_status":"closed","template":"","meta":[],"product_brand":[],"product_cat":[26,24],"product_tag":[],"class_list":{"0":"post-763","1":"product","2":"type-product","3":"status-publish","4":"has-post-thumbnail","6":"product_cat-armaf","7":"product_cat-damen-parfuem","9":"first","10":"instock","11":"taxable","12":"shipping-taxable","13":"purchasable","14":"product-type-variable"},"jetpack_sharing_enabled":true,"_links":{"self":[{"href":"https:\/\/premiumduft.com\/index.php\/wp-json\/wp\/v2\/product\/763","targetHints":{"allow":["GET"]}}],"collection":[{"href":"https:\/\/premiumduft.com\/index.php\/wp-json\/wp\/v2\/product"}],"about":[{"href":"https:\/\/premiumduft.com\/index.php\/wp-json\/wp\/v2\/types\/product"}],"replies":[{"embeddable":true,"href":"https:\/\/premiumduft.com\/index.php\/wp-json\/wp\/v2\/comments?post=763"}],"wp:featuredmedia":[{"embeddable":true,"href":"https:\/\/premiumduft.com\/index.php\/wp-json\/wp\/v2\/media\/764"}],"wp:attachment":[{"href":"https:\/\/premiumduft.com\/index.php\/wp-json\/wp\/v2\/media?parent=763"}],"wp:term":[{"taxonomy":"product_brand","embeddable":true,"href":"https:\/\/premiumduft.com\/index.php\/wp-json\/wp\/v2\/product_brand?post=763"},{"taxonomy":"product_cat","embeddable":true,"href":"https:\/\/premiumduft.com\/index.php\/wp-json\/wp\/v2\/product_cat?post=763"},{"taxonomy":"product_tag","embeddable":true,"href":"https:\/\/premiumduft.com\/index.php\/wp-json\/wp\/v2\/product_tag?post=763"}],"curies":[{"name":"wp","href":"https:\/\/api.w.org\/{rel}","templated":true}]}}