{"id":673,"date":"2023-07-27T21:12:34","date_gmt":"2023-07-27T19:12:34","guid":{"rendered":"https:\/\/premiumduft.com\/?post_type=product&#038;p=673"},"modified":"2025-09-27T08:07:08","modified_gmt":"2025-09-27T06:07:08","slug":"armaf-club-de-nuit-women","status":"publish","type":"product","link":"https:\/\/premiumduft.com\/index.php\/produkt\/armaf-club-de-nuit-women\/","title":{"rendered":"Armaf Club de Nuit Women Tester"},"content":{"rendered":"<div id=\"pd-description-wrapper\" class=\"sc-aohf13-14 sc-1eu1dd2-1 fpMnDJ hJioHz\">\n<div class=\"sc-1uodfit-0 kWmpmn\">\n<div id=\"pd-description-text\" class=\"sc-1eu1dd2-3 fsHaA-D\" data-testid=\"pd-description-text\">\n<p><strong>Ein unverzichtbares Mode-Accessoire f\u00fcr Frauen mit Stil.<\/strong><\/p>\n<p>Geben Sie sich einer sinnlichen Duftkomposition hin, die mit pudrigem Rosenaroma und frisch tropischem Litschiduft bestimmt auch Sie anspricht. Das Eau de Parfum f\u00fcr Frauen Armaf Club de Nuit Woman verk\u00f6rpert die zeitlose Perfektion und Zartheit. Es bietet eine wahre Explosion eleganter Duftnoten, die raffiniert und verf\u00fchrerisch zugleich wirken. Club de Nuit Woman ist ein Duft der Verf\u00fchrung, der Ihnen bei allen T\u00e4tigkeiten einen Hauch von liebreizender Eleganz verleiht.<\/p>\n<ul>\n<li>floral-fruchtiger Duft f\u00fcr Frauen<\/li>\n<li>zum t\u00e4glichen Tragen geeignet<\/li>\n<\/ul>\n<p><strong>Duftkomposition<\/strong><br \/>\nClub de Nuit Woman \u00f6ffnet sich mit frischen fruchtigen Noten von Grapefruit, Orange und saftigem Pfirsich in Kombination mit dem Aroma der Zitrusfrucht Bergamotte. In der Herznote begeistert die Komposition mit ihrem pudrigen und ausdrucksstarken Aroma der Rose, mit blumigen Jasminnoten und mit der S\u00fc\u00dfe der Tropenfrucht Litschi. Die Gesamtheit wird im Finale von w\u00e4rmender Vanille, animalischem Moschus und erdigem Vetiver perfekt abgerundet.<\/p>\n<\/div>\n<\/div>\n<\/div>\n","protected":false},"excerpt":{"rendered":"<h1 class=\"sc-bcXHqe sc-3sotvb-1 eLmsJY cqhtUR\"><span class=\"sc-3sotvb-5 bBQCfG\">Eau de Parfum f\u00fcr Damen<\/span><\/h1>\n<h1 class=\"sc-bcXHqe sc-3sotvb-1 eLmsJY cqhtUR\">Armaf<\/h1>\n","protected":false},"featured_media":674,"comment_status":"open","ping_status":"closed","template":"","meta":[],"product_brand":[],"product_cat":[26,24],"product_tag":[],"class_list":{"0":"post-673","1":"product","2":"type-product","3":"status-publish","4":"has-post-thumbnail","6":"product_cat-armaf","7":"product_cat-damen-parfuem","9":"first","10":"instock","11":"taxable","12":"shipping-taxable","13":"purchasable","14":"product-type-variable"},"jetpack_sharing_enabled":true,"_links":{"self":[{"href":"https:\/\/premiumduft.com\/index.php\/wp-json\/wp\/v2\/product\/673","targetHints":{"allow":["GET"]}}],"collection":[{"href":"https:\/\/premiumduft.com\/index.php\/wp-json\/wp\/v2\/product"}],"about":[{"href":"https:\/\/premiumduft.com\/index.php\/wp-json\/wp\/v2\/types\/product"}],"replies":[{"embeddable":true,"href":"https:\/\/premiumduft.com\/index.php\/wp-json\/wp\/v2\/comments?post=673"}],"wp:featuredmedia":[{"embeddable":true,"href":"https:\/\/premiumduft.com\/index.php\/wp-json\/wp\/v2\/media\/674"}],"wp:attachment":[{"href":"https:\/\/premiumduft.com\/index.php\/wp-json\/wp\/v2\/media?parent=673"}],"wp:term":[{"taxonomy":"product_brand","embeddable":true,"href":"https:\/\/premiumduft.com\/index.php\/wp-json\/wp\/v2\/product_brand?post=673"},{"taxonomy":"product_cat","embeddable":true,"href":"https:\/\/premiumduft.com\/index.php\/wp-json\/wp\/v2\/product_cat?post=673"},{"taxonomy":"product_tag","embeddable":true,"href":"https:\/\/premiumduft.com\/index.php\/wp-json\/wp\/v2\/product_tag?post=673"}],"curies":[{"name":"wp","href":"https:\/\/api.w.org\/{rel}","templated":true}]}}