{"id":472,"date":"2023-07-26T18:20:36","date_gmt":"2023-07-26T16:20:36","guid":{"rendered":"https:\/\/premiumduft.com\/?post_type=product&#038;p=472"},"modified":"2023-07-27T19:51:03","modified_gmt":"2023-07-27T17:51:03","slug":"armaf-bucephalus-no-x","status":"publish","type":"product","link":"https:\/\/premiumduft.com\/index.php\/produkt\/armaf-bucephalus-no-x\/","title":{"rendered":"Armaf Bucephalus No. X Tester"},"content":{"rendered":"<div id=\"pd-description-wrapper\" class=\"sc-aohf13-14 sc-1eu1dd2-1 fpMnDJ hJioHz\">\n<div class=\"sc-1uodfit-0 kWmpmn\">\n<div id=\"pd-description-text\" class=\"sc-1eu1dd2-3 fsHaA-D\" data-testid=\"pd-description-text\">\n<p>F\u00fcr alle. Ohne Unterschied. Das Unisex Eau de Parfum Armaf Bucephalus No. X eignet sich sowohl f\u00fcr Frauen als auch f\u00fcr M\u00e4nner und l\u00e4sst Ihre Pers\u00f6nlichkeit voll zur Geltung kommen.<\/p>\n<ul>\n<li>w\u00fcrziger Duft<\/li>\n<li>Zitrusduft<\/li>\n<li>orientalischer Duft<\/li>\n<li>f\u00fcr unkonventionelle Pers\u00f6nlichkeiten<\/li>\n<li>Unisex \u2013 f\u00fcr Frauen und M\u00e4nner geeignet<\/li>\n<li>Duft, der sich f\u00fcr das t\u00e4gliche Tragen eignet<\/li>\n<\/ul>\n<\/div>\n<\/div>\n<\/div>\n","protected":false},"excerpt":{"rendered":"<h1 class=\"sc-bcXHqe sc-3sotvb-1 eLmsJY cqhtUR\"><span class=\"sc-3sotvb-5 bBQCfG\">Eau de Parfum Unisex<\/span><\/h1>\n<h1 class=\"sc-bcXHqe sc-3sotvb-1 eLmsJY cqhtUR\">Armaf<\/h1>\n","protected":false},"featured_media":473,"comment_status":"open","ping_status":"closed","template":"","meta":[],"product_brand":[],"product_cat":[26,24,23,25],"product_tag":[],"class_list":{"0":"post-472","1":"product","2":"type-product","3":"status-publish","4":"has-post-thumbnail","6":"product_cat-armaf","7":"product_cat-damen-parfuem","8":"product_cat-herren-parfuem","9":"product_cat-unisex-parfuem","11":"first","12":"instock","13":"taxable","14":"shipping-taxable","15":"purchasable","16":"product-type-variable"},"jetpack_sharing_enabled":true,"_links":{"self":[{"href":"https:\/\/premiumduft.com\/index.php\/wp-json\/wp\/v2\/product\/472","targetHints":{"allow":["GET"]}}],"collection":[{"href":"https:\/\/premiumduft.com\/index.php\/wp-json\/wp\/v2\/product"}],"about":[{"href":"https:\/\/premiumduft.com\/index.php\/wp-json\/wp\/v2\/types\/product"}],"replies":[{"embeddable":true,"href":"https:\/\/premiumduft.com\/index.php\/wp-json\/wp\/v2\/comments?post=472"}],"wp:featuredmedia":[{"embeddable":true,"href":"https:\/\/premiumduft.com\/index.php\/wp-json\/wp\/v2\/media\/473"}],"wp:attachment":[{"href":"https:\/\/premiumduft.com\/index.php\/wp-json\/wp\/v2\/media?parent=472"}],"wp:term":[{"taxonomy":"product_brand","embeddable":true,"href":"https:\/\/premiumduft.com\/index.php\/wp-json\/wp\/v2\/product_brand?post=472"},{"taxonomy":"product_cat","embeddable":true,"href":"https:\/\/premiumduft.com\/index.php\/wp-json\/wp\/v2\/product_cat?post=472"},{"taxonomy":"product_tag","embeddable":true,"href":"https:\/\/premiumduft.com\/index.php\/wp-json\/wp\/v2\/product_tag?post=472"}],"curies":[{"name":"wp","href":"https:\/\/api.w.org\/{rel}","templated":true}]}}