{"id":421,"date":"2023-07-26T16:19:33","date_gmt":"2023-07-26T14:19:33","guid":{"rendered":"https:\/\/premiumduft.com\/?post_type=product&#038;p=421"},"modified":"2023-09-13T00:32:12","modified_gmt":"2023-09-12T22:32:12","slug":"armaf-tres-nuit","status":"publish","type":"product","link":"https:\/\/premiumduft.com\/index.php\/produkt\/armaf-tres-nuit\/","title":{"rendered":"Armaf Tres Nuit Tester"},"content":{"rendered":"<div id=\"pd-description-wrapper\" class=\"sc-aohf13-14 sc-1eu1dd2-1 fpMnDJ hJioHz\">\n<div class=\"sc-1uodfit-0 kWmpmn\">\n<div id=\"pd-description-text\" class=\"sc-1eu1dd2-3 fsHaA-D\" data-testid=\"pd-description-text\">\n<p>Ein neuer Tag \u2013 eine neue Gelegenheit, alle Herausforderungen zu meistern. Das Eau de Parfum f\u00fcr M\u00e4nner Armaf Tres Nuit erfrischt Ihren Geist, damit Sie unbeirrt Ihren Instinkten folgen k\u00f6nnen. Bieten Sie allt\u00e4glichen Abenteuern die Stirn.<\/p>\n<ul>\n<li>blumiger Duft<\/li>\n<li>Zitrusduft<\/li>\n<li>f\u00fcr den aktiven und energischen Mann<\/li>\n<\/ul>\n<\/div>\n<\/div>\n<\/div>\n","protected":false},"excerpt":{"rendered":"<h1 class=\"sc-bcXHqe sc-3sotvb-1 eLmsJY cqhtUR\"><span class=\"sc-3sotvb-5 bBQCfG\">Eau de Parfum f\u00fcr Herren<\/span><\/h1>\n<h1 class=\"sc-bcXHqe sc-3sotvb-1 eLmsJY cqhtUR\">Armaf<\/h1>\n","protected":false},"featured_media":422,"comment_status":"open","ping_status":"closed","template":"","meta":[],"product_brand":[],"product_cat":[26,23],"product_tag":[],"class_list":{"0":"post-421","1":"product","2":"type-product","3":"status-publish","4":"has-post-thumbnail","6":"product_cat-armaf","7":"product_cat-herren-parfuem","9":"first","10":"instock","11":"taxable","12":"shipping-taxable","13":"purchasable","14":"product-type-variable"},"jetpack_sharing_enabled":true,"_links":{"self":[{"href":"https:\/\/premiumduft.com\/index.php\/wp-json\/wp\/v2\/product\/421","targetHints":{"allow":["GET"]}}],"collection":[{"href":"https:\/\/premiumduft.com\/index.php\/wp-json\/wp\/v2\/product"}],"about":[{"href":"https:\/\/premiumduft.com\/index.php\/wp-json\/wp\/v2\/types\/product"}],"replies":[{"embeddable":true,"href":"https:\/\/premiumduft.com\/index.php\/wp-json\/wp\/v2\/comments?post=421"}],"wp:featuredmedia":[{"embeddable":true,"href":"https:\/\/premiumduft.com\/index.php\/wp-json\/wp\/v2\/media\/422"}],"wp:attachment":[{"href":"https:\/\/premiumduft.com\/index.php\/wp-json\/wp\/v2\/media?parent=421"}],"wp:term":[{"taxonomy":"product_brand","embeddable":true,"href":"https:\/\/premiumduft.com\/index.php\/wp-json\/wp\/v2\/product_brand?post=421"},{"taxonomy":"product_cat","embeddable":true,"href":"https:\/\/premiumduft.com\/index.php\/wp-json\/wp\/v2\/product_cat?post=421"},{"taxonomy":"product_tag","embeddable":true,"href":"https:\/\/premiumduft.com\/index.php\/wp-json\/wp\/v2\/product_tag?post=421"}],"curies":[{"name":"wp","href":"https:\/\/api.w.org\/{rel}","templated":true}]}}