{"id":391,"date":"2023-07-26T15:11:21","date_gmt":"2023-07-26T13:11:21","guid":{"rendered":"https:\/\/premiumduft.com\/?post_type=product&#038;p=391"},"modified":"2025-06-14T15:02:08","modified_gmt":"2025-06-14T13:02:08","slug":"armaf-club-de-nuit-blue-iconic","status":"publish","type":"product","link":"https:\/\/premiumduft.com\/index.php\/produkt\/armaf-club-de-nuit-blue-iconic\/","title":{"rendered":"Armaf Club de Nuit Blue Iconic Tester"},"content":{"rendered":"<div id=\"pd-description-wrapper\" class=\"sc-aohf13-14 sc-1eu1dd2-1 fpMnDJ hJioHz\">\n<div class=\"sc-1uodfit-0 kWmpmn\">\n<div id=\"pd-description-text\" class=\"sc-1eu1dd2-3 fsHaA-D\" data-testid=\"pd-description-text\">\n<p>Brechen Sie aus dem Alltagstrott aus und wagen Sie etwas Neues! Das zitrisch-frische Eau de Parfum\u00a0<a href=\"https:\/\/www.notino.de\/armaf\/\" target=\"_blank\" rel=\"noopener noreferrer\">Armaf<\/a> Club de Nuit Blue Iconic ist die perfekte Wahl f\u00fcr alle M\u00e4nner, die Sehnsucht nach Abenteuer und Freiheit versp\u00fcren. Die Welt ist bunt, vielf\u00e4ltig und voller \u00dcberraschungen, die es wert sind, entdeckt zu werden. Jeder Tag bringt neue Abenteuer!<\/p>\n<ul>\n<li>zitrisch-frischer Duft f\u00fcr dynamische M\u00e4nner mit Stil<\/li>\n<li>ideal f\u00fcr die warme Jahreszeit<\/li>\n<li>erh\u00e4ltlich seit dem Jahr 2022<\/li>\n<\/ul>\n<p><strong>Komposition des Duftes<\/strong><br \/>\nDie Kopfnote fesselt mit belebender Frische von Minze, Grapefruit, Zitrone, Koriander und rosa Pfeffer. Scharf-w\u00fcrziger Ingwer, Muskat, Jasmin und Melone bilden das Herz und verleihen dem Tr\u00e4ger eine unwiderstehliche Anziehungskraft. F\u00fcr eine sinnliche Abrundung sorgt die Basis aus verf\u00fchrerischer Ambra, Sandelholz, Weihrauch, Zeder, Patschuli und Ladanharz.<\/p>\n<p><strong>Geschichte des Duftes<\/strong><br \/>\nDie strahlend blaue Farbe des Flakons spiegelt die herrliche Frische des Duftes perfekt wider. Das quadratische Fl\u00e4schchen aus massivem Glas wurde mit silberfarbenen Details verziert, die an Seegras erinnern. Ein runder Anh\u00e4nger in Silber schm\u00fcckt den Hals des Flakons und verleiht dem schlicht-eleganten Design das gewisse Etwas.<\/p>\n<\/div>\n<\/div>\n<\/div>\n","protected":false},"excerpt":{"rendered":"<h1 class=\"sc-bcXHqe sc-3sotvb-1 eLmsJY cqhtUR\"><span class=\"sc-3sotvb-5 bBQCfG\">Eau de Parfum f\u00fcr Herren<\/span><\/h1>\n<h1 class=\"sc-bcXHqe sc-3sotvb-1 eLmsJY cqhtUR\">Armaf<\/h1>\n","protected":false},"featured_media":392,"comment_status":"open","ping_status":"closed","template":"","meta":[],"product_brand":[],"product_cat":[26,23],"product_tag":[],"class_list":{"0":"post-391","1":"product","2":"type-product","3":"status-publish","4":"has-post-thumbnail","6":"product_cat-armaf","7":"product_cat-herren-parfuem","9":"first","10":"instock","11":"taxable","12":"shipping-taxable","13":"purchasable","14":"product-type-variable"},"jetpack_sharing_enabled":true,"_links":{"self":[{"href":"https:\/\/premiumduft.com\/index.php\/wp-json\/wp\/v2\/product\/391","targetHints":{"allow":["GET"]}}],"collection":[{"href":"https:\/\/premiumduft.com\/index.php\/wp-json\/wp\/v2\/product"}],"about":[{"href":"https:\/\/premiumduft.com\/index.php\/wp-json\/wp\/v2\/types\/product"}],"replies":[{"embeddable":true,"href":"https:\/\/premiumduft.com\/index.php\/wp-json\/wp\/v2\/comments?post=391"}],"wp:featuredmedia":[{"embeddable":true,"href":"https:\/\/premiumduft.com\/index.php\/wp-json\/wp\/v2\/media\/392"}],"wp:attachment":[{"href":"https:\/\/premiumduft.com\/index.php\/wp-json\/wp\/v2\/media?parent=391"}],"wp:term":[{"taxonomy":"product_brand","embeddable":true,"href":"https:\/\/premiumduft.com\/index.php\/wp-json\/wp\/v2\/product_brand?post=391"},{"taxonomy":"product_cat","embeddable":true,"href":"https:\/\/premiumduft.com\/index.php\/wp-json\/wp\/v2\/product_cat?post=391"},{"taxonomy":"product_tag","embeddable":true,"href":"https:\/\/premiumduft.com\/index.php\/wp-json\/wp\/v2\/product_tag?post=391"}],"curies":[{"name":"wp","href":"https:\/\/api.w.org\/{rel}","templated":true}]}}