{"id":386,"date":"2023-07-26T14:55:37","date_gmt":"2023-07-26T12:55:37","guid":{"rendered":"https:\/\/premiumduft.com\/?post_type=product&#038;p=386"},"modified":"2023-07-27T19:53:03","modified_gmt":"2023-07-27T17:53:03","slug":"armaf-sapphire","status":"publish","type":"product","link":"https:\/\/premiumduft.com\/index.php\/produkt\/armaf-sapphire\/","title":{"rendered":"Armaf Sapphire Tester"},"content":{"rendered":"<div id=\"pd-description-wrapper\" class=\"sc-aohf13-14 sc-1eu1dd2-1 fpMnDJ hJioHz\">\n<div class=\"sc-1uodfit-0 kWmpmn\">\n<div id=\"pd-description-text\" class=\"sc-1eu1dd2-3 fsHaA-D\" data-testid=\"pd-description-text\">\n<p>G\u00f6nnen Sie sich etwas Spezielles und unterstreichen Sie Ihre einzigartige Pers\u00f6nlichkeit! Das edle Eau de Parfum Unisex Armaf Niche Sapphire wurde von dem blauen Edelstein Saphir inspiriert, der reine Sch\u00f6nheit, Erhabenheit und W\u00fcrde symbolisiert. Wie ein hochwertiger Saphirschmuck l\u00e4sst sich der Duft als Accessoire stilvoller und eleganter Outfits tragen.<\/p>\n<ul>\n<li>aromatisch-w\u00fcrziger Duft<\/li>\n<li>steht hervorragend sowohl Frauen als auch M\u00e4nnern<\/li>\n<li>perfekter Duftbegleiter f\u00fcr den Alltag<\/li>\n<\/ul>\n<p><strong>Komposition des Duftes<br \/>\n<\/strong>F\u00fcr einen fesselnden Auftakt sorgt die belebende Kopfnote aus saftiger Grapefruit, rosa Pfeffer, Ingwer und leicht k\u00fchlender Minze. Die Herznote umschmeichelt die Nase mit verf\u00fchrerischen Veilchenbl\u00e4ttern und aquatischen und holzigen Noten. In der sinnlichen Basis entfalten sich kostbare Essenzen aus warmer Zeder, Guajakholz, verf\u00fchrerischen Ambergris und Ambra.<\/p>\n<p><strong>Geschichte des Duftes<br \/>\n<\/strong>Der edle Duft von Armaf geh\u00f6rt in die Niche-Kollektion, die von kostbaren Edelsteinen und Metallen inspiriert wurde. Niche Sapphire zeigt sich in einem wundersch\u00f6nen, runden Flakon, dessen kobaltblaue Farbe ihm besonders tiefgr\u00fcndige Ausstrahlung schenkt. Er spiegelt den Geschmack und die Eleganz des Duftes perfekt wider. Lassen Sie sich entf\u00fchren in das Reich von kostbaren Edelsteinen!<\/p>\n<\/div>\n<\/div>\n<\/div>\n","protected":false},"excerpt":{"rendered":"<h1 class=\"sc-bcXHqe sc-3sotvb-1 eLmsJY cqhtUR\"><span class=\"sc-3sotvb-5 bBQCfG\">Eau de Parfum Unisex<\/span><\/h1>\n<h1 class=\"sc-bcXHqe sc-3sotvb-1 eLmsJY cqhtUR\">Armaf<\/h1>\n","protected":false},"featured_media":387,"comment_status":"open","ping_status":"closed","template":"","meta":[],"product_brand":[],"product_cat":[26,24,23,25],"product_tag":[],"class_list":{"0":"post-386","1":"product","2":"type-product","3":"status-publish","4":"has-post-thumbnail","6":"product_cat-armaf","7":"product_cat-damen-parfuem","8":"product_cat-herren-parfuem","9":"product_cat-unisex-parfuem","11":"first","12":"instock","13":"taxable","14":"shipping-taxable","15":"purchasable","16":"product-type-variable"},"jetpack_sharing_enabled":true,"_links":{"self":[{"href":"https:\/\/premiumduft.com\/index.php\/wp-json\/wp\/v2\/product\/386","targetHints":{"allow":["GET"]}}],"collection":[{"href":"https:\/\/premiumduft.com\/index.php\/wp-json\/wp\/v2\/product"}],"about":[{"href":"https:\/\/premiumduft.com\/index.php\/wp-json\/wp\/v2\/types\/product"}],"replies":[{"embeddable":true,"href":"https:\/\/premiumduft.com\/index.php\/wp-json\/wp\/v2\/comments?post=386"}],"wp:featuredmedia":[{"embeddable":true,"href":"https:\/\/premiumduft.com\/index.php\/wp-json\/wp\/v2\/media\/387"}],"wp:attachment":[{"href":"https:\/\/premiumduft.com\/index.php\/wp-json\/wp\/v2\/media?parent=386"}],"wp:term":[{"taxonomy":"product_brand","embeddable":true,"href":"https:\/\/premiumduft.com\/index.php\/wp-json\/wp\/v2\/product_brand?post=386"},{"taxonomy":"product_cat","embeddable":true,"href":"https:\/\/premiumduft.com\/index.php\/wp-json\/wp\/v2\/product_cat?post=386"},{"taxonomy":"product_tag","embeddable":true,"href":"https:\/\/premiumduft.com\/index.php\/wp-json\/wp\/v2\/product_tag?post=386"}],"curies":[{"name":"wp","href":"https:\/\/api.w.org\/{rel}","templated":true}]}}