{"id":381,"date":"2023-07-26T14:44:08","date_gmt":"2023-07-26T12:44:08","guid":{"rendered":"https:\/\/premiumduft.com\/?post_type=product&#038;p=381"},"modified":"2025-06-03T14:11:30","modified_gmt":"2025-06-03T12:11:30","slug":"armaf-club-de-nuit-untold","status":"publish","type":"product","link":"https:\/\/premiumduft.com\/index.php\/produkt\/armaf-club-de-nuit-untold\/","title":{"rendered":"Armaf Club de Nuit Untold Tester"},"content":{"rendered":"<p>Der faszinierende Duft steigert sofort die Attraktivit\u00e4t des Tr\u00e4gers und verleiht ihm eine magnetische Anziehungskraft. Liebe ist in der Luft! Dr\u00fccken Sie Ihre Gef\u00fchle auch ohne Worte aus!<\/p>\n<ul>\n<li>perfekter Allrounder f\u00fcr den Alltag, die Freizeit und den speziellen Abend<\/li>\n<li>wurde im Jahr 2022 vorgestellt<\/li>\n<\/ul>\n<p><strong>Komposition des Duftes<\/strong><br \/>\nDie Kopfnote erregt die Aufmerksamkeit mit bitter-scharfem Safran und s\u00fc\u00df-blumigen Jasmin.<\/p>\n<p>Im Herzen dominiert ein sinnliches Duo aus Amberwood und Ambergris. Die Basis aus unverwechselbarem Tannenharz und holziger Zeder lassen die ganze Duftkomposition elegant ausklingen.<\/p>\n<p><strong>Geschichte des Duftes<\/strong><br \/>\nClub de Nuit Untold pr\u00e4sentiert sich in einem roten Glasflakon, der besonders hochwertig und elegant wirkt. Die Signalfarbe Rot verk\u00f6rpert Verf\u00fchrung, Liebe und Leidenschaft und bringt somit den Inhalt des Flakons optisch zur Geltung. F\u00fcr einen farblichen Kontrast sorgen der goldene Verschluss und der ebenfalls goldene Anh\u00e4nger, der den Hals des Duftfl\u00e4schchens schm\u00fcckt.<\/p>\n","protected":false},"excerpt":{"rendered":"<h1 class=\"sc-bcXHqe sc-3sotvb-1 eLmsJY cqhtUR\"><span class=\"sc-3sotvb-5 bBQCfG\">Eau de Parfum Unisex<\/span><\/h1>\n<h1 class=\"sc-bcXHqe sc-3sotvb-1 eLmsJY cqhtUR\">Armaf<\/h1>\n","protected":false},"featured_media":382,"comment_status":"open","ping_status":"closed","template":"","meta":[],"product_brand":[],"product_cat":[26,24,23,25],"product_tag":[],"class_list":{"0":"post-381","1":"product","2":"type-product","3":"status-publish","4":"has-post-thumbnail","6":"product_cat-armaf","7":"product_cat-damen-parfuem","8":"product_cat-herren-parfuem","9":"product_cat-unisex-parfuem","11":"first","12":"instock","13":"taxable","14":"shipping-taxable","15":"purchasable","16":"product-type-variable"},"jetpack_sharing_enabled":true,"_links":{"self":[{"href":"https:\/\/premiumduft.com\/index.php\/wp-json\/wp\/v2\/product\/381","targetHints":{"allow":["GET"]}}],"collection":[{"href":"https:\/\/premiumduft.com\/index.php\/wp-json\/wp\/v2\/product"}],"about":[{"href":"https:\/\/premiumduft.com\/index.php\/wp-json\/wp\/v2\/types\/product"}],"replies":[{"embeddable":true,"href":"https:\/\/premiumduft.com\/index.php\/wp-json\/wp\/v2\/comments?post=381"}],"wp:featuredmedia":[{"embeddable":true,"href":"https:\/\/premiumduft.com\/index.php\/wp-json\/wp\/v2\/media\/382"}],"wp:attachment":[{"href":"https:\/\/premiumduft.com\/index.php\/wp-json\/wp\/v2\/media?parent=381"}],"wp:term":[{"taxonomy":"product_brand","embeddable":true,"href":"https:\/\/premiumduft.com\/index.php\/wp-json\/wp\/v2\/product_brand?post=381"},{"taxonomy":"product_cat","embeddable":true,"href":"https:\/\/premiumduft.com\/index.php\/wp-json\/wp\/v2\/product_cat?post=381"},{"taxonomy":"product_tag","embeddable":true,"href":"https:\/\/premiumduft.com\/index.php\/wp-json\/wp\/v2\/product_tag?post=381"}],"curies":[{"name":"wp","href":"https:\/\/api.w.org\/{rel}","templated":true}]}}