{"id":280,"date":"2023-06-15T15:34:16","date_gmt":"2023-06-15T13:34:16","guid":{"rendered":"https:\/\/premiumduft.com\/?post_type=product&#038;p=280"},"modified":"2023-06-15T15:34:16","modified_gmt":"2023-06-15T13:34:16","slug":"afnan-inara-black-tester","status":"publish","type":"product","link":"https:\/\/premiumduft.com\/index.php\/produkt\/afnan-inara-black-tester\/","title":{"rendered":"Afnan Inara Black Tester"},"content":{"rendered":"<div id=\"pd-description-wrapper\" class=\"sc-aohf13-14 sc-1eu1dd2-1 fpMnDJ hJioHz\">\n<div class=\"sc-1uodfit-0 jmbKpo\">\n<div id=\"pd-description-text\" class=\"sc-1eu1dd2-3 fsHaA-D\" data-testid=\"pd-description-text\">\n<p>Entdecken Sie einen Duft, der in keine Schublade passt und Ihre Pers\u00f6nlichkeit ausgezeichnet hervorhebt. Das Unisex Eau de Parfum Afnan Inara Black ist ein Duft, mit dem Sie Ihre Originalit\u00e4t am sch\u00f6nsten unterstreichen.<\/p>\n<ul>\n<li>holziger Duft<\/li>\n<li>w\u00fcrziger Duft<\/li>\n<\/ul>\n<\/div>\n<\/div>\n<\/div>\n","protected":false},"excerpt":{"rendered":"<h1 class=\"sc-bcXHqe sc-3sotvb-1 eLmsJY cqhtUR\"><span class=\"sc-3sotvb-5 bBQCfG\">Eau de Parfum Unisex <\/span><\/h1>\n<h1 class=\"sc-bcXHqe sc-3sotvb-1 eLmsJY cqhtUR\"><span class=\"sc-3sotvb-5 bBQCfG\">Afnan<br \/>\n<\/span><\/h1>\n","protected":false},"featured_media":281,"comment_status":"open","ping_status":"closed","template":"","meta":[],"product_brand":[],"product_cat":[22,24,23,25],"product_tag":[],"class_list":{"0":"post-280","1":"product","2":"type-product","3":"status-publish","4":"has-post-thumbnail","6":"product_cat-afnan","7":"product_cat-damen-parfuem","8":"product_cat-herren-parfuem","9":"product_cat-unisex-parfuem","11":"first","12":"instock","13":"taxable","14":"shipping-taxable","15":"purchasable","16":"product-type-variable"},"jetpack_sharing_enabled":true,"_links":{"self":[{"href":"https:\/\/premiumduft.com\/index.php\/wp-json\/wp\/v2\/product\/280","targetHints":{"allow":["GET"]}}],"collection":[{"href":"https:\/\/premiumduft.com\/index.php\/wp-json\/wp\/v2\/product"}],"about":[{"href":"https:\/\/premiumduft.com\/index.php\/wp-json\/wp\/v2\/types\/product"}],"replies":[{"embeddable":true,"href":"https:\/\/premiumduft.com\/index.php\/wp-json\/wp\/v2\/comments?post=280"}],"wp:featuredmedia":[{"embeddable":true,"href":"https:\/\/premiumduft.com\/index.php\/wp-json\/wp\/v2\/media\/281"}],"wp:attachment":[{"href":"https:\/\/premiumduft.com\/index.php\/wp-json\/wp\/v2\/media?parent=280"}],"wp:term":[{"taxonomy":"product_brand","embeddable":true,"href":"https:\/\/premiumduft.com\/index.php\/wp-json\/wp\/v2\/product_brand?post=280"},{"taxonomy":"product_cat","embeddable":true,"href":"https:\/\/premiumduft.com\/index.php\/wp-json\/wp\/v2\/product_cat?post=280"},{"taxonomy":"product_tag","embeddable":true,"href":"https:\/\/premiumduft.com\/index.php\/wp-json\/wp\/v2\/product_tag?post=280"}],"curies":[{"name":"wp","href":"https:\/\/api.w.org\/{rel}","templated":true}]}}