{"id":262,"date":"2023-03-02T23:14:23","date_gmt":"2023-03-02T22:14:23","guid":{"rendered":"https:\/\/premiumduft.com\/?post_type=product&#038;p=262"},"modified":"2025-05-31T14:38:27","modified_gmt":"2025-05-31T12:38:27","slug":"faten-white-tester","status":"publish","type":"product","link":"https:\/\/premiumduft.com\/index.php\/produkt\/faten-white-tester\/","title":{"rendered":"Afnan Faten White Tester"},"content":{"rendered":"<div id=\"pd-description-wrapper\" class=\"sc-aohf13-14 sc-1eu1dd2-1 fpMnDJ dJJaTr\">\n<div class=\"sc-1uodfit-0 jmbKpo\">\n<div id=\"pd-description-text\" class=\"sc-1eu1dd2-3 fsHaA-D\" data-testid=\"pd-description-text\">\n<p>Das Eau de Parfum f\u00fcr Damen Afnan Faten White stellt eine neue Sucht dar, auf die Sie nie wieder verzichten m\u00f6chten. Es wird Sie direkt nach dem Aufspr\u00fchen verzaubern und jeden Tag erneut davon \u00fcberzeugen, dass der Duft seine Daseinsberechtigung in Ihrem Kosmetikregal hat.<\/p>\n<ul>\n<li>blumiger Duft<\/li>\n<li>fruchtiger Duft<\/li>\n<li>Gourmand-Duft<\/li>\n<\/ul>\n<\/div>\n<\/div>\n<\/div>\n","protected":false},"excerpt":{"rendered":"<h1 class=\"sc-bcXHqe sc-3sotvb-1 eLmsJY cqhtUR\"><span class=\"sc-3sotvb-5 bBQCfG\">Eau de Parfum f\u00fcr Damen<\/span><\/h1>\n<h1><\/h1>\n<h1 class=\"sc-bcXHqe sc-3sotvb-1 eLmsJY cqhtUR\">Afnan<\/h1>\n","protected":false},"featured_media":228,"comment_status":"open","ping_status":"closed","template":"","meta":[],"product_brand":[],"product_cat":[22,24],"product_tag":[],"class_list":{"0":"post-262","1":"product","2":"type-product","3":"status-publish","4":"has-post-thumbnail","6":"product_cat-afnan","7":"product_cat-damen-parfuem","9":"first","10":"instock","11":"taxable","12":"shipping-taxable","13":"purchasable","14":"product-type-variable"},"jetpack_sharing_enabled":true,"_links":{"self":[{"href":"https:\/\/premiumduft.com\/index.php\/wp-json\/wp\/v2\/product\/262","targetHints":{"allow":["GET"]}}],"collection":[{"href":"https:\/\/premiumduft.com\/index.php\/wp-json\/wp\/v2\/product"}],"about":[{"href":"https:\/\/premiumduft.com\/index.php\/wp-json\/wp\/v2\/types\/product"}],"replies":[{"embeddable":true,"href":"https:\/\/premiumduft.com\/index.php\/wp-json\/wp\/v2\/comments?post=262"}],"wp:featuredmedia":[{"embeddable":true,"href":"https:\/\/premiumduft.com\/index.php\/wp-json\/wp\/v2\/media\/228"}],"wp:attachment":[{"href":"https:\/\/premiumduft.com\/index.php\/wp-json\/wp\/v2\/media?parent=262"}],"wp:term":[{"taxonomy":"product_brand","embeddable":true,"href":"https:\/\/premiumduft.com\/index.php\/wp-json\/wp\/v2\/product_brand?post=262"},{"taxonomy":"product_cat","embeddable":true,"href":"https:\/\/premiumduft.com\/index.php\/wp-json\/wp\/v2\/product_cat?post=262"},{"taxonomy":"product_tag","embeddable":true,"href":"https:\/\/premiumduft.com\/index.php\/wp-json\/wp\/v2\/product_tag?post=262"}],"curies":[{"name":"wp","href":"https:\/\/api.w.org\/{rel}","templated":true}]}}