{"id":219,"date":"2023-03-02T22:24:13","date_gmt":"2023-03-02T21:24:13","guid":{"rendered":"https:\/\/premiumduft.com\/?post_type=product&#038;p=219"},"modified":"2023-07-28T16:07:11","modified_gmt":"2023-07-28T14:07:11","slug":"tribute","status":"publish","type":"product","link":"https:\/\/premiumduft.com\/index.php\/produkt\/tribute\/","title":{"rendered":"Afnan Tribute Tester"},"content":{"rendered":"<div id=\"pd-description-wrapper\" class=\"sc-aohf13-14 sc-1eu1dd2-1 fpMnDJ dJJaTr\">\n<div class=\"sc-1uodfit-0 jmbKpo\">\n<div id=\"pd-description-text\" class=\"sc-1eu1dd2-3 fsHaA-D\" data-testid=\"pd-description-text\">\n<p>Das Eau de Parfum f\u00fcr M\u00e4nner Afnan Tribute zeigt Ihnen, wie verf\u00fchrerisch orientalische D\u00fcfte sind. Der geheimnisvolle und auch ein bisschen mysteri\u00f6se Charakter, den es ausstrahlt, weckt die Neugier in Ihrem Umfeld.<\/p>\n<ul>\n<li>aromatischer Duft mit Kr\u00e4uternoten<\/li>\n<li>orientalischer Duft<\/li>\n<li>Duft, der sich f\u00fcr das t\u00e4gliche Tragen eignet<\/li>\n<\/ul>\n<\/div>\n<\/div>\n<\/div>\n","protected":false},"excerpt":{"rendered":"<h1 class=\"sc-bcXHqe sc-3sotvb-1 eLmsJY cqhtUR\"><span class=\"sc-3sotvb-5 bBQCfG\">Eau de Parfum f\u00fcr Herren<\/span><\/h1>\n<h1><\/h1>\n<h1 class=\"sc-bcXHqe sc-3sotvb-1 eLmsJY cqhtUR\">Afnan<\/h1>\n","protected":false},"featured_media":213,"comment_status":"open","ping_status":"closed","template":"","meta":[],"product_brand":[],"product_cat":[22,23],"product_tag":[],"class_list":{"0":"post-219","1":"product","2":"type-product","3":"status-publish","4":"has-post-thumbnail","6":"product_cat-afnan","7":"product_cat-herren-parfuem","9":"first","10":"instock","11":"taxable","12":"shipping-taxable","13":"purchasable","14":"product-type-variable"},"jetpack_sharing_enabled":true,"_links":{"self":[{"href":"https:\/\/premiumduft.com\/index.php\/wp-json\/wp\/v2\/product\/219","targetHints":{"allow":["GET"]}}],"collection":[{"href":"https:\/\/premiumduft.com\/index.php\/wp-json\/wp\/v2\/product"}],"about":[{"href":"https:\/\/premiumduft.com\/index.php\/wp-json\/wp\/v2\/types\/product"}],"replies":[{"embeddable":true,"href":"https:\/\/premiumduft.com\/index.php\/wp-json\/wp\/v2\/comments?post=219"}],"wp:featuredmedia":[{"embeddable":true,"href":"https:\/\/premiumduft.com\/index.php\/wp-json\/wp\/v2\/media\/213"}],"wp:attachment":[{"href":"https:\/\/premiumduft.com\/index.php\/wp-json\/wp\/v2\/media?parent=219"}],"wp:term":[{"taxonomy":"product_brand","embeddable":true,"href":"https:\/\/premiumduft.com\/index.php\/wp-json\/wp\/v2\/product_brand?post=219"},{"taxonomy":"product_cat","embeddable":true,"href":"https:\/\/premiumduft.com\/index.php\/wp-json\/wp\/v2\/product_cat?post=219"},{"taxonomy":"product_tag","embeddable":true,"href":"https:\/\/premiumduft.com\/index.php\/wp-json\/wp\/v2\/product_tag?post=219"}],"curies":[{"name":"wp","href":"https:\/\/api.w.org\/{rel}","templated":true}]}}