{"id":1050,"date":"2023-08-01T12:26:32","date_gmt":"2023-08-01T10:26:32","guid":{"rendered":"https:\/\/premiumduft.com\/?post_type=product&#038;p=1050"},"modified":"2025-06-07T07:23:47","modified_gmt":"2025-06-07T05:23:47","slug":"lattafa-asad","status":"publish","type":"product","link":"https:\/\/premiumduft.com\/index.php\/produkt\/lattafa-asad\/","title":{"rendered":"Lattafa Asad Tester"},"content":{"rendered":"<div id=\"pd-description-wrapper\" class=\"sc-aohf13-14 sc-1eu1dd2-1 fpMnDJ hJioHz\">\n<div class=\"sc-1uodfit-0 kWmpmn\">\n<div id=\"pd-description-text\" class=\"sc-1eu1dd2-3 fsHaA-D\" data-testid=\"pd-description-text\">\n<p>Verpassen Sie Ihrem Liebesleben die richtige W\u00fcrze! Das sinnlich-warme Eau de Parfum Lattafa Asad ist ein Sexy-Booster zum Aufspr\u00fchen, der seinem Tr\u00e4ger eine magnetische Anziehungskraft verleiht. Der perfekte Mix aus orientalischen, w\u00fcrzigen und holzigen Noten entfacht das Feuer der Leidenschaft und macht Lust auf mehr. Bringen Sie die Frauen um den Verstand!<\/p>\n<ul>\n<li>orientalisch-w\u00fcrziger Gourmand-Duft, der Sinnlichkeit und W\u00e4rme ausstrahlt<\/li>\n<li>perfekte Wahl f\u00fcr die k\u00fchlere Jahreszeit<\/li>\n<li>vorgestellt im Jahr 2021<\/li>\n<\/ul>\n<p><strong>Komposition des Duftes<\/strong><br \/>\nDie maskuline Komposition verf\u00fchrt die Sinne mit knisternden Noten von Pfeffer, exotischer Ananas und s\u00fc\u00df-warmen Tabakduft. Frisch ger\u00f6steter Kaffee, holzig-herbes Patschuli und bet\u00f6rende Iris bilden die Herznote und verleihen dem Duft eine geradezu magnetisierende Wirkung. F\u00fcr einen sinnlichen Ausklang sorgen k\u00f6stliche Vanille, verf\u00fchrerische Ambra, trockenes Holz, Benzoe und Labdanum.<\/p>\n<p><strong>Geschichte des Duftes<\/strong><br \/>\nSeit der Gr\u00fcndung im Jahr 1980 bringt das Familienunternehmen Lattafa Perfumes hochwertige D\u00fcfte heraus, die den h\u00f6chsten Anspr\u00fcchen gerecht werden. Die Parfum-Marke ist bereits in 61 L\u00e4ndern bekannt und gewinnt immer mehr Anh\u00e4nger. Die Liebe zu der hohen Parfumkunst, sowie die Erfahrung von drei Generationen f\u00fchrte zu einem weltweiten Erfolg.<\/p>\n<\/div>\n<\/div>\n<\/div>\n","protected":false},"excerpt":{"rendered":"<h1 class=\"sc-bcXHqe sc-3sotvb-1 eLmsJY cqhtUR\"><span class=\"sc-3sotvb-5 bBQCfG\">Eau de Parfum Unisex<\/span><\/h1>\n<h1 class=\"sc-bcXHqe sc-3sotvb-1 eLmsJY cqhtUR\">Lattafa<\/h1>\n","protected":false},"featured_media":1051,"comment_status":"open","ping_status":"closed","template":"","meta":[],"product_brand":[],"product_cat":[24,23,29,25],"product_tag":[40,41,31,89,30,42],"class_list":{"0":"post-1050","1":"product","2":"type-product","3":"status-publish","4":"has-post-thumbnail","6":"product_cat-damen-parfuem","7":"product_cat-herren-parfuem","8":"product_cat-lattafa","9":"product_cat-unisex-parfuem","10":"product_tag-damen-parfuem","11":"product_tag-herren-parfuem","12":"product_tag-lattafa","13":"product_tag-lattafa-asad","14":"product_tag-tester","15":"product_tag-unisex","17":"first","18":"outofstock","19":"taxable","20":"shipping-taxable","21":"purchasable","22":"product-type-variable"},"jetpack_sharing_enabled":true,"_links":{"self":[{"href":"https:\/\/premiumduft.com\/index.php\/wp-json\/wp\/v2\/product\/1050","targetHints":{"allow":["GET"]}}],"collection":[{"href":"https:\/\/premiumduft.com\/index.php\/wp-json\/wp\/v2\/product"}],"about":[{"href":"https:\/\/premiumduft.com\/index.php\/wp-json\/wp\/v2\/types\/product"}],"replies":[{"embeddable":true,"href":"https:\/\/premiumduft.com\/index.php\/wp-json\/wp\/v2\/comments?post=1050"}],"wp:featuredmedia":[{"embeddable":true,"href":"https:\/\/premiumduft.com\/index.php\/wp-json\/wp\/v2\/media\/1051"}],"wp:attachment":[{"href":"https:\/\/premiumduft.com\/index.php\/wp-json\/wp\/v2\/media?parent=1050"}],"wp:term":[{"taxonomy":"product_brand","embeddable":true,"href":"https:\/\/premiumduft.com\/index.php\/wp-json\/wp\/v2\/product_brand?post=1050"},{"taxonomy":"product_cat","embeddable":true,"href":"https:\/\/premiumduft.com\/index.php\/wp-json\/wp\/v2\/product_cat?post=1050"},{"taxonomy":"product_tag","embeddable":true,"href":"https:\/\/premiumduft.com\/index.php\/wp-json\/wp\/v2\/product_tag?post=1050"}],"curies":[{"name":"wp","href":"https:\/\/api.w.org\/{rel}","templated":true}]}}