{"id":356,"date":"2023-07-18T22:10:02","date_gmt":"2023-07-18T20:10:02","guid":{"rendered":"https:\/\/premiumduft.com\/?page_id=356"},"modified":"2023-10-16T14:53:46","modified_gmt":"2023-10-16T12:53:46","slug":"impressum","status":"publish","type":"page","link":"https:\/\/premiumduft.com\/index.php\/impressum\/","title":{"rendered":"Impressum"},"content":{"rendered":"\n\n\n<h2 class=\"wp-block-heading\">Angaben gem\u00e4\u00df \u00a7 5 TMG<\/h2>\n\n\n\n<p>Eyy\u00fcp \u00d6rdek<br>Nachhilfe E. \u00d6rdek<br>Rohrlachstr. 57<br>68239 Mannheim<\/p>\n\n\n\n<p>Umsatzsteuer-Identifikationsnummer: DE354343018<\/p>\n\n\n\n<h2 class=\"wp-block-heading\">Kontakt<\/h2>\n\n\n\n<p>Telefon: 0157 83441949<br>E-Mail: eyyuep.oerdek@gmail.com<\/p>\n\n\n\n<h2 class=\"wp-block-heading\">Verbraucher\u00adstreit\u00adbeilegung\/Universal\u00adschlichtungs\u00adstelle<\/h2>\n\n\n\n<p>Wir sind nicht bereit oder verpflichtet, an Streitbeilegungsverfahren vor einer Verbraucherschlichtungsstelle teilzunehmen.<\/p>\n","protected":false},"excerpt":{"rendered":"<p>Angaben gem\u00e4\u00df \u00a7 5 TMG Eyy\u00fcp \u00d6rdekNachhilfe E. \u00d6rdekRohrlachstr. 5768239 Mannheim Umsatzsteuer-Identifikationsnummer: DE354343018 Kontakt Telefon: 0157 83441949E-Mail: eyyuep.oerdek@gmail.com Verbraucher\u00adstreit\u00adbeilegung\/Universal\u00adschlichtungs\u00adstelle Wir sind nicht bereit oder verpflichtet, an Streitbeilegungsverfahren vor einer Verbraucherschlichtungsstelle teilzunehmen.<\/p>\n","protected":false},"author":1,"featured_media":0,"parent":0,"menu_order":0,"comment_status":"closed","ping_status":"closed","template":"","meta":{"footnotes":""},"class_list":["post-356","page","type-page","status-publish","hentry"],"jetpack_sharing_enabled":true,"_links":{"self":[{"href":"https:\/\/premiumduft.com\/index.php\/wp-json\/wp\/v2\/pages\/356","targetHints":{"allow":["GET"]}}],"collection":[{"href":"https:\/\/premiumduft.com\/index.php\/wp-json\/wp\/v2\/pages"}],"about":[{"href":"https:\/\/premiumduft.com\/index.php\/wp-json\/wp\/v2\/types\/page"}],"author":[{"embeddable":true,"href":"https:\/\/premiumduft.com\/index.php\/wp-json\/wp\/v2\/users\/1"}],"replies":[{"embeddable":true,"href":"https:\/\/premiumduft.com\/index.php\/wp-json\/wp\/v2\/comments?post=356"}],"version-history":[{"count":0,"href":"https:\/\/premiumduft.com\/index.php\/wp-json\/wp\/v2\/pages\/356\/revisions"}],"wp:attachment":[{"href":"https:\/\/premiumduft.com\/index.php\/wp-json\/wp\/v2\/media?parent=356"}],"curies":[{"name":"wp","href":"https:\/\/api.w.org\/{rel}","templated":true}]}}